{"id":1589,"date":"2025-11-05T06:44:26","date_gmt":"2025-11-05T04:44:26","guid":{"rendered":"https:\/\/bk-site-amp19.top\/?page_id=1589"},"modified":"2026-02-24T23:22:46","modified_gmt":"2026-02-24T21:22:46","slug":"home-new","status":"publish","type":"page","link":"https:\/\/bk-site-amp19.top\/","title":{"rendered":"PL main"},"content":{"rendered":"","protected":false},"excerpt":{"rendered":"","protected":false},"author":1,"featured_media":0,"parent":0,"menu_order":0,"comment_status":"closed","ping_status":"closed","template":"home-new.php","meta":{"_acf_changed":false,"footnotes":""},"class_list":["post-1589","page","type-page","status-publish","hentry"],"acf":[],"yoast_head":"<!-- This site is optimized with the Yoast SEO plugin v26.6 - https:\/\/yoast.com\/wordpress\/plugins\/seo\/ -->\n<title>VOX Casino PL - Oficjalna strona VOX kasyno w Polsce<\/title>\n<meta name=\"description\" content=\"VOX Kasyno Online w Polsce. Wejd\u017a na oficjaln\u0105 stron\u0119, odbierz bonus startowy i poznaj top gry. Bezpiecze\u0144stwo i szybkie wyp\u0142aty\" \/>\n<meta name=\"robots\" content=\"index, follow, max-snippet:-1, max-image-preview:large, max-video-preview:-1\" \/>\n<link rel=\"canonical\" href=\"https:\/\/bk-site-amp19.top\/\" \/>\n<meta property=\"og:locale\" content=\"ru_RU\" \/>\n<meta property=\"og:type\" content=\"article\" \/>\n<meta property=\"og:title\" content=\"VOX Casino PL - Oficjalna strona VOX kasyno w Polsce\" \/>\n<meta property=\"og:description\" content=\"VOX Kasyno Online w Polsce. Wejd\u017a na oficjaln\u0105 stron\u0119, odbierz bonus startowy i poznaj top gry. Bezpiecze\u0144stwo i szybkie wyp\u0142aty\" \/>\n<meta property=\"og:url\" content=\"https:\/\/bk-site-amp19.top\/\" \/>\n<meta property=\"og:site_name\" content=\"Vox casino\" \/>\n<meta property=\"article:modified_time\" content=\"2026-02-24T21:22:46+00:00\" \/>\n<meta property=\"og:image\" content=\"https:\/\/bk-site-amp19.top\/wp-content\/uploads\/2025\/11\/logo_footer.webp\" \/>\n\t<meta property=\"og:image:width\" content=\"255\" \/>\n\t<meta property=\"og:image:height\" content=\"50\" \/>\n\t<meta property=\"og:image:type\" content=\"image\/webp\" \/>\n<meta name=\"twitter:card\" content=\"summary_large_image\" \/>\n<script type=\"application\/ld+json\" class=\"yoast-schema-graph\">{\"@context\":\"https:\/\/schema.org\",\"@graph\":[{\"@type\":\"WebPage\",\"@id\":\"https:\/\/bk-site-amp19.top\/\",\"url\":\"https:\/\/bk-site-amp19.top\/\",\"name\":\"VOX Casino PL - Oficjalna strona VOX kasyno w Polsce\",\"isPartOf\":{\"@id\":\"https:\/\/bk-site-amp19.top\/#website\"},\"datePublished\":\"2025-11-05T04:44:26+00:00\",\"dateModified\":\"2026-02-24T21:22:46+00:00\",\"description\":\"VOX Kasyno Online w Polsce. Wejd\u017a na oficjaln\u0105 stron\u0119, odbierz bonus startowy i poznaj top gry. Bezpiecze\u0144stwo i szybkie wyp\u0142aty\",\"breadcrumb\":{\"@id\":\"https:\/\/bk-site-amp19.top\/#breadcrumb\"},\"inLanguage\":\"ru-RU\",\"potentialAction\":[{\"@type\":\"ReadAction\",\"target\":[\"https:\/\/bk-site-amp19.top\/\"]}]},{\"@type\":\"BreadcrumbList\",\"@id\":\"https:\/\/bk-site-amp19.top\/#breadcrumb\",\"itemListElement\":[{\"@type\":\"ListItem\",\"position\":1,\"name\":\"\u0413\u043b\u0430\u0432\u043d\u0430\u044f \u0441\u0442\u0440\u0430\u043d\u0438\u0446\u0430\",\"item\":\"https:\/\/bk-site-amp19.top\/\"},{\"@type\":\"ListItem\",\"position\":2,\"name\":\"PL main\"}]},{\"@type\":\"WebSite\",\"@id\":\"https:\/\/bk-site-amp19.top\/#website\",\"url\":\"https:\/\/bk-site-amp19.top\/\",\"name\":\"Vox casino\",\"description\":\"\",\"potentialAction\":[{\"@type\":\"SearchAction\",\"target\":{\"@type\":\"EntryPoint\",\"urlTemplate\":\"https:\/\/bk-site-amp19.top\/?s={search_term_string}\"},\"query-input\":{\"@type\":\"PropertyValueSpecification\",\"valueRequired\":true,\"valueName\":\"search_term_string\"}}],\"inLanguage\":\"ru-RU\"}]}<\/script>\n<!-- \/ Yoast SEO plugin. -->","yoast_head_json":{"title":"VOX Casino PL - Oficjalna strona VOX kasyno w Polsce","description":"VOX Kasyno Online w Polsce. Wejd\u017a na oficjaln\u0105 stron\u0119, odbierz bonus startowy i poznaj top gry. Bezpiecze\u0144stwo i szybkie wyp\u0142aty","robots":{"index":"index","follow":"follow","max-snippet":"max-snippet:-1","max-image-preview":"max-image-preview:large","max-video-preview":"max-video-preview:-1"},"canonical":"https:\/\/bk-site-amp19.top\/","og_locale":"ru_RU","og_type":"article","og_title":"VOX Casino PL - Oficjalna strona VOX kasyno w Polsce","og_description":"VOX Kasyno Online w Polsce. Wejd\u017a na oficjaln\u0105 stron\u0119, odbierz bonus startowy i poznaj top gry. Bezpiecze\u0144stwo i szybkie wyp\u0142aty","og_url":"https:\/\/bk-site-amp19.top\/","og_site_name":"Vox casino","article_modified_time":"2026-02-24T21:22:46+00:00","og_image":[{"width":255,"height":50,"url":"https:\/\/bk-site-amp19.top\/wp-content\/uploads\/2025\/11\/logo_footer.webp","type":"image\/webp"}],"twitter_card":"summary_large_image","schema":{"@context":"https:\/\/schema.org","@graph":[{"@type":"WebPage","@id":"https:\/\/bk-site-amp19.top\/","url":"https:\/\/bk-site-amp19.top\/","name":"VOX Casino PL - Oficjalna strona VOX kasyno w Polsce","isPartOf":{"@id":"https:\/\/bk-site-amp19.top\/#website"},"datePublished":"2025-11-05T04:44:26+00:00","dateModified":"2026-02-24T21:22:46+00:00","description":"VOX Kasyno Online w Polsce. Wejd\u017a na oficjaln\u0105 stron\u0119, odbierz bonus startowy i poznaj top gry. Bezpiecze\u0144stwo i szybkie wyp\u0142aty","breadcrumb":{"@id":"https:\/\/bk-site-amp19.top\/#breadcrumb"},"inLanguage":"ru-RU","potentialAction":[{"@type":"ReadAction","target":["https:\/\/bk-site-amp19.top\/"]}]},{"@type":"BreadcrumbList","@id":"https:\/\/bk-site-amp19.top\/#breadcrumb","itemListElement":[{"@type":"ListItem","position":1,"name":"\u0413\u043b\u0430\u0432\u043d\u0430\u044f \u0441\u0442\u0440\u0430\u043d\u0438\u0446\u0430","item":"https:\/\/bk-site-amp19.top\/"},{"@type":"ListItem","position":2,"name":"PL main"}]},{"@type":"WebSite","@id":"https:\/\/bk-site-amp19.top\/#website","url":"https:\/\/bk-site-amp19.top\/","name":"Vox casino","description":"","potentialAction":[{"@type":"SearchAction","target":{"@type":"EntryPoint","urlTemplate":"https:\/\/bk-site-amp19.top\/?s={search_term_string}"},"query-input":{"@type":"PropertyValueSpecification","valueRequired":true,"valueName":"search_term_string"}}],"inLanguage":"ru-RU"}]}},"amp_enabled":true,"_links":{"self":[{"href":"https:\/\/bk-site-amp19.top\/wp-json\/wp\/v2\/pages\/1589","targetHints":{"allow":["GET"]}}],"collection":[{"href":"https:\/\/bk-site-amp19.top\/wp-json\/wp\/v2\/pages"}],"about":[{"href":"https:\/\/bk-site-amp19.top\/wp-json\/wp\/v2\/types\/page"}],"author":[{"embeddable":true,"href":"https:\/\/bk-site-amp19.top\/wp-json\/wp\/v2\/users\/1"}],"replies":[{"embeddable":true,"href":"https:\/\/bk-site-amp19.top\/wp-json\/wp\/v2\/comments?post=1589"}],"version-history":[{"count":62,"href":"https:\/\/bk-site-amp19.top\/wp-json\/wp\/v2\/pages\/1589\/revisions"}],"predecessor-version":[{"id":2558,"href":"https:\/\/bk-site-amp19.top\/wp-json\/wp\/v2\/pages\/1589\/revisions\/2558"}],"wp:attachment":[{"href":"https:\/\/bk-site-amp19.top\/wp-json\/wp\/v2\/media?parent=1589"}],"curies":[{"name":"wp","href":"https:\/\/api.w.org\/{rel}","templated":true}]}}